{"id":47,"date":"2018-04-15T12:07:05","date_gmt":"2018-04-15T12:07:05","guid":{"rendered":"https:\/\/www.frauenchor-kellinghusen.de\/?page_id=47"},"modified":"2026-02-24T11:49:38","modified_gmt":"2026-02-24T11:49:38","slug":"ueber-uns","status":"publish","type":"page","link":"https:\/\/www.frauenchor-kellinghusen.de\/?page_id=47","title":{"rendered":"Wir \u00fcber uns"},"content":{"rendered":"<p>Im Chor singen zur Zeit ca. 33 S\u00e4ngerinnen. Passive (F\u00f6rder-)Mitglieder haben wir 21. Das Singen im Chor hat offenbar \u00fcber Jahre hinweg seinen hohen Stellenwert in der\u00a0\u00a0Freizeitgestaltung behalten. Zahlreiche Auftritte vor kleinerem und gr\u00f6\u00dferem Publikum bestimmen im Jahr unser Chorleben. H\u00f6hepunkt im Jahr ist das traditionelle Weihnachtskonzert, das immer am 3. Advent in der St. Cyriacus-Kirche zu Kellinghusen stattfindet. Vor allem deshalb fahren wir jedes Jahr zu unserer Chorfreizeit Ende Oktober nach B\u00fcsum, wo wir uns intensiv auf das Konzert vorbereiten. &#8211; Abgesehen davon werden auch einige kleinere Veranstaltungen zur F\u00f6rderung der Gemeinschaft durchgef\u00fchrt.\u00a0 Wenn Sie jetzt Lust bekommen haben, schauen Sie doch einfach mal vorbei!\u00a0\u00a0Wir nehmen gerne neue S\u00e4ngerinnen jeden Alters auf und w\u00fcrden uns ebenso \u00fcber passive Mitglieder und auch Sponsoren freuen!<\/p>\n<p><strong>Chorprobe ist jeweils montags ab 19.15 Uhr meist im B\u00fcrgerhaus Kellinghusen.<\/strong><\/p>\n<p>Notenkenntnisse sind nicht erforderlich, vorsingen muss man auch nicht.\u00a0Wichtig ist nur die Freude am gemeinsamen Singen!\u00a0Unser Repertoire reicht \u00fcbrigens von Volksliedern \u00fcber neue und alte Schlager bis zu Rock\u00a0\u00a0und Pop.<\/p>\n","protected":false},"excerpt":{"rendered":"<p>Im Chor singen zur Zeit ca. 33 S\u00e4ngerinnen. Passive (F\u00f6rder-)Mitglieder haben wir 21. Das Singen im Chor hat offenbar \u00fcber Jahre hinweg seinen hohen Stellenwert in der\u00a0\u00a0Freizeitgestaltung behalten. Zahlreiche Auftritte vor kleinerem und gr\u00f6\u00dferem&#46;&#46;&#46;<\/p>\n","protected":false},"author":1,"featured_media":0,"parent":0,"menu_order":0,"comment_status":"closed","ping_status":"closed","template":"","meta":{"footnotes":""},"class_list":["post-47","page","type-page","status-publish","hentry"],"_links":{"self":[{"href":"https:\/\/www.frauenchor-kellinghusen.de\/index.php?rest_route=\/wp\/v2\/pages\/47","targetHints":{"allow":["GET"]}}],"collection":[{"href":"https:\/\/www.frauenchor-kellinghusen.de\/index.php?rest_route=\/wp\/v2\/pages"}],"about":[{"href":"https:\/\/www.frauenchor-kellinghusen.de\/index.php?rest_route=\/wp\/v2\/types\/page"}],"author":[{"embeddable":true,"href":"https:\/\/www.frauenchor-kellinghusen.de\/index.php?rest_route=\/wp\/v2\/users\/1"}],"replies":[{"embeddable":true,"href":"https:\/\/www.frauenchor-kellinghusen.de\/index.php?rest_route=%2Fwp%2Fv2%2Fcomments&post=47"}],"version-history":[{"count":13,"href":"https:\/\/www.frauenchor-kellinghusen.de\/index.php?rest_route=\/wp\/v2\/pages\/47\/revisions"}],"predecessor-version":[{"id":1800,"href":"https:\/\/www.frauenchor-kellinghusen.de\/index.php?rest_route=\/wp\/v2\/pages\/47\/revisions\/1800"}],"wp:attachment":[{"href":"https:\/\/www.frauenchor-kellinghusen.de\/index.php?rest_route=%2Fwp%2Fv2%2Fmedia&parent=47"}],"curies":[{"name":"wp","href":"https:\/\/api.w.org\/{rel}","templated":true}]}}