{"id":97,"date":"2018-05-15T16:53:25","date_gmt":"2018-05-15T16:53:25","guid":{"rendered":"https:\/\/www.frauenchor-kellinghusen.de\/?page_id=97"},"modified":"2018-08-24T13:44:02","modified_gmt":"2018-08-24T13:44:02","slug":"geschichte","status":"publish","type":"page","link":"https:\/\/www.frauenchor-kellinghusen.de\/?page_id=97","title":{"rendered":"Geschichte"},"content":{"rendered":"<p><a href=\"https:\/\/www.frauenchor-kellinghusen.de\/wp-content\/uploads\/2018\/07\/standarte-e1530714024711.jpg\"><img loading=\"lazy\" decoding=\"async\" class=\" wp-image-253 alignright\" src=\"https:\/\/www.frauenchor-kellinghusen.de\/wp-content\/uploads\/2018\/07\/standarte-e1530714024711-133x100.jpg\" alt=\"\" width=\"347\" height=\"261\" srcset=\"https:\/\/www.frauenchor-kellinghusen.de\/wp-content\/uploads\/2018\/07\/standarte-e1530714024711-133x100.jpg 133w, https:\/\/www.frauenchor-kellinghusen.de\/wp-content\/uploads\/2018\/07\/standarte-e1530714024711-768x576.jpg 768w, https:\/\/www.frauenchor-kellinghusen.de\/wp-content\/uploads\/2018\/07\/standarte-e1530714024711-520x390.jpg 520w, https:\/\/www.frauenchor-kellinghusen.de\/wp-content\/uploads\/2018\/07\/standarte-e1530714024711.jpg 972w\" sizes=\"auto, (max-width: 347px) 100vw, 347px\" \/><\/a>Der Kellinghusener Frauenchor wurde am 27. August 1947 von dem\u00a0Dirigenten Hans G\u00fcnther gegr\u00fcndet. Viele der Frauen, die zum ersten Treffen\u00a0ins &#8220; Deutsche Haus&#8220; kamen, hatten es nach dem Krieg aus Pommern und anderen\u00a0ostdeutschen Gebieten nach Kellinghusen verschlagen. In der St\u00f6rstadt fanden\u00a0sie eine neue Heimat und im Chor einen neuen Freundeskreis.\u00a0Ende des Jahres 1982 gab der Dirigent nach 35 -j\u00e4hriger Chorarbeit aus Altersgr\u00fcnden seine T\u00e4tigkeit auf.<\/p>\n<p>Danach folgten als Chorleiter\/innen J\u00fcrgen Mikolasch (bis Ende 2001),\u00a0Natalja Bornholdt (bis Ende 2002), Olga Kusnezow (von Dez. 2003 bis Ende 2011)\u00a0und Klaus Schneider seit Februar 2012.<\/p>\n","protected":false},"excerpt":{"rendered":"<p>Der Kellinghusener Frauenchor wurde am 27. August 1947 von dem\u00a0Dirigenten Hans G\u00fcnther gegr\u00fcndet. Viele der Frauen, die zum ersten Treffen\u00a0ins &#8220; Deutsche Haus&#8220; kamen, hatten es nach dem Krieg aus Pommern und anderen\u00a0ostdeutschen Gebieten&#46;&#46;&#46;<\/p>\n","protected":false},"author":1,"featured_media":0,"parent":0,"menu_order":0,"comment_status":"closed","ping_status":"closed","template":"","meta":{"footnotes":""},"class_list":["post-97","page","type-page","status-publish","hentry"],"_links":{"self":[{"href":"https:\/\/www.frauenchor-kellinghusen.de\/index.php?rest_route=\/wp\/v2\/pages\/97","targetHints":{"allow":["GET"]}}],"collection":[{"href":"https:\/\/www.frauenchor-kellinghusen.de\/index.php?rest_route=\/wp\/v2\/pages"}],"about":[{"href":"https:\/\/www.frauenchor-kellinghusen.de\/index.php?rest_route=\/wp\/v2\/types\/page"}],"author":[{"embeddable":true,"href":"https:\/\/www.frauenchor-kellinghusen.de\/index.php?rest_route=\/wp\/v2\/users\/1"}],"replies":[{"embeddable":true,"href":"https:\/\/www.frauenchor-kellinghusen.de\/index.php?rest_route=%2Fwp%2Fv2%2Fcomments&post=97"}],"version-history":[{"count":8,"href":"https:\/\/www.frauenchor-kellinghusen.de\/index.php?rest_route=\/wp\/v2\/pages\/97\/revisions"}],"predecessor-version":[{"id":287,"href":"https:\/\/www.frauenchor-kellinghusen.de\/index.php?rest_route=\/wp\/v2\/pages\/97\/revisions\/287"}],"wp:attachment":[{"href":"https:\/\/www.frauenchor-kellinghusen.de\/index.php?rest_route=%2Fwp%2Fv2%2Fmedia&parent=97"}],"curies":[{"name":"wp","href":"https:\/\/api.w.org\/{rel}","templated":true}]}}